{"id":86,"date":"2025-08-26T11:00:17","date_gmt":"2025-08-26T07:00:17","guid":{"rendered":"http:\/\/testoctopus.fr\/?page_id=86"},"modified":"2026-02-06T17:40:54","modified_gmt":"2026-02-06T13:40:54","slug":"qui-sommes-nous","status":"publish","type":"page","link":"https:\/\/octopus-proprete.com\/index.php\/qui-sommes-nous\/","title":{"rendered":"Qui sommes-nous"},"content":{"rendered":"\t\t<div data-elementor-type=\"wp-page\" data-elementor-id=\"86\" class=\"elementor elementor-86\" data-elementor-post-type=\"page\">\n\t\t\t\t<div class=\"elementor-element elementor-element-96010e9 e-flex e-con-boxed wpr-particle-no wpr-jarallax-no wpr-parallax-no wpr-sticky-section-no e-con e-parent\" data-id=\"96010e9\" data-element_type=\"container\">\n\t\t\t\t\t<div class=\"e-con-inner\">\n\t\t\t\t\t<\/div>\n\t\t\t\t<\/div>\n\t\t<div class=\"elementor-element elementor-element-3b0ead5 e-flex e-con-boxed wpr-particle-no wpr-jarallax-no wpr-parallax-no wpr-sticky-section-no e-con e-parent\" data-id=\"3b0ead5\" data-element_type=\"container\" data-settings=\"{&quot;background_background&quot;:&quot;video&quot;,&quot;background_video_link&quot;:&quot;https:\\\/\\\/octopus-proprete.com\\\/wp-content\\\/uploads\\\/2025\\\/12\\\/header-1.mp4&quot;}\">\n\t\t\t\t\t<div class=\"e-con-inner\">\n\t\t<div class=\"elementor-background-video-container elementor-hidden-mobile\" aria-hidden=\"true\">\n\t\t\t\t\t\t\t<video class=\"elementor-background-video-hosted\" autoplay muted playsinline loop><\/video>\n\t\t\t\t\t<\/div>\t\t<div class=\"elementor-element elementor-element-b22aa5d elementor-widget elementor-widget-heading\" data-id=\"b22aa5d\" data-element_type=\"widget\" data-widget_type=\"heading.default\">\n\t\t\t\t\t<h2 class=\"elementor-heading-title elementor-size-default\">Qui sommes-nous ?<\/h2>\t\t\t\t<\/div>\n\t\t\t\t<div class=\"elementor-element elementor-element-a1e7018 elementor-widget__width-initial elementor-widget elementor-widget-text-editor\" data-id=\"a1e7018\" data-element_type=\"widget\" data-widget_type=\"text-editor.default\">\n\t\t\t\t\t\t\t\t\t<p>Octopus Propret\u00e9, votre partenaire de confiance pour des espaces propres, sains et durables.<\/p>\t\t\t\t\t\t\t\t<\/div>\n\t\t\t\t<div class=\"elementor-element elementor-element-1ed4072 elementor-align-center elementor-widget__width-initial elementor-widget-mobile__width-initial elementor-widget elementor-widget-button\" data-id=\"1ed4072\" data-element_type=\"widget\" data-widget_type=\"button.default\">\n\t\t\t\t\t\t\t\t\t\t<a class=\"elementor-button elementor-button-link elementor-size-sm elementor-animation-bounce-in\" href=\"http:\/\/testoctopus.fr\/index.php\/contact\/\">\n\t\t\t\t\t\t<span class=\"elementor-button-content-wrapper\">\n\t\t\t\t\t\t\t\t\t<span class=\"elementor-button-text\">Demander un devis gratuit<\/span>\n\t\t\t\t\t<\/span>\n\t\t\t\t\t<\/a>\n\t\t\t\t\t\t\t\t<\/div>\n\t\t\t\t\t<\/div>\n\t\t\t\t<\/div>\n\t\t<div class=\"elementor-element elementor-element-8099d28 animated-slow e-flex e-con-boxed wpr-particle-no wpr-jarallax-no wpr-parallax-no wpr-sticky-section-no elementor-invisible e-con e-parent\" data-id=\"8099d28\" data-element_type=\"container\" data-settings=\"{&quot;animation&quot;:&quot;fadeIn&quot;}\">\n\t\t\t\t\t<div class=\"e-con-inner\">\n\t\t\t\t<div class=\"elementor-element elementor-element-ff02118 elementor-widget elementor-widget-heading\" data-id=\"ff02118\" data-element_type=\"widget\" data-widget_type=\"heading.default\">\n\t\t\t\t\t<h2 class=\"elementor-heading-title elementor-size-default\">Octopus Propret\u00e9, votre partenaire au quotidien<\/h2>\t\t\t\t<\/div>\n\t\t\t\t\t<\/div>\n\t\t\t\t<\/div>\n\t\t<div class=\"elementor-element elementor-element-7b1ca0c animated-slow e-flex e-con-boxed wpr-particle-no wpr-jarallax-no wpr-parallax-no wpr-sticky-section-no elementor-invisible e-con e-parent\" data-id=\"7b1ca0c\" data-element_type=\"container\" data-settings=\"{&quot;animation&quot;:&quot;fadeIn&quot;}\">\n\t\t\t\t\t<div class=\"e-con-inner\">\n\t\t<div class=\"elementor-element elementor-element-46b0eb6 e-con-full e-flex wpr-particle-no wpr-jarallax-no wpr-parallax-no wpr-sticky-section-no e-con e-child\" data-id=\"46b0eb6\" data-element_type=\"container\">\n\t\t\t\t<div class=\"elementor-element elementor-element-6b3c94a elementor-widget elementor-widget-text-editor\" data-id=\"6b3c94a\" data-element_type=\"widget\" data-widget_type=\"text-editor.default\">\n\t\t\t\t\t\t\t\t\t<p>\u00ab\u00a0Depuis notre cr\u00e9ation, nous mettons au service de nos clients notre expertise du nettoyage professionnel. <br \/><br \/>Notre mission : assurer des environnements impeccables, o\u00f9 hygi\u00e8ne et confort riment avec s\u00e9r\u00e9nit\u00e9. <br \/>Gr\u00e2ce \u00e0 une \u00e9quipe form\u00e9e et r\u00e9active, nous accompagnons aussi bien les entreprises que les copropri\u00e9t\u00e9s et \u00e9tablissements exigeants.\u00a0\u00bb<\/p>\t\t\t\t\t\t\t\t<\/div>\n\t\t\t\t<\/div>\n\t\t<div class=\"elementor-element elementor-element-a19d0b3 e-con-full e-flex wpr-particle-no wpr-jarallax-no wpr-parallax-no wpr-sticky-section-no e-con e-child\" data-id=\"a19d0b3\" data-element_type=\"container\">\n\t\t\t\t<div class=\"elementor-element elementor-element-c25fde9 elementor-widget__width-initial elementor-widget elementor-widget-image\" data-id=\"c25fde9\" data-element_type=\"widget\" data-widget_type=\"image.default\">\n\t\t\t\t\t\t\t\t\t\t\t\t\t\t\t<img fetchpriority=\"high\" decoding=\"async\" width=\"1080\" height=\"1080\" src=\"https:\/\/octopus-proprete.com\/wp-content\/uploads\/2025\/09\/91.png\" class=\"attachment-full size-full wp-image-373\" alt=\"entreprise d\u2019hygi\u00e8ne R\u00e9union\" srcset=\"https:\/\/octopus-proprete.com\/wp-content\/uploads\/2025\/09\/91.png 1080w, https:\/\/octopus-proprete.com\/wp-content\/uploads\/2025\/09\/91-300x300.png 300w, https:\/\/octopus-proprete.com\/wp-content\/uploads\/2025\/09\/91-1024x1024.png 1024w, https:\/\/octopus-proprete.com\/wp-content\/uploads\/2025\/09\/91-150x150.png 150w, https:\/\/octopus-proprete.com\/wp-content\/uploads\/2025\/09\/91-768x768.png 768w\" sizes=\"(max-width: 1080px) 100vw, 1080px\" \/>\t\t\t\t\t\t\t\t\t\t\t\t\t\t\t<\/div>\n\t\t\t\t<\/div>\n\t\t<div class=\"elementor-element elementor-element-54a9e96 e-con-full e-flex wpr-particle-no wpr-jarallax-no wpr-parallax-no wpr-sticky-section-no e-con e-child\" data-id=\"54a9e96\" data-element_type=\"container\">\n\t\t\t\t<div class=\"elementor-element elementor-element-50d5d9c elementor-widget__width-initial elementor-widget elementor-widget-image\" data-id=\"50d5d9c\" data-element_type=\"widget\" data-widget_type=\"image.default\">\n\t\t\t\t\t\t\t\t\t\t\t\t\t\t\t<img decoding=\"async\" width=\"1080\" height=\"1080\" src=\"https:\/\/octopus-proprete.com\/wp-content\/uploads\/2025\/09\/90.png\" class=\"attachment-full size-full wp-image-372\" alt=\"service de propret\u00e9 \u00e0 La R\u00e9union\" srcset=\"https:\/\/octopus-proprete.com\/wp-content\/uploads\/2025\/09\/90.png 1080w, https:\/\/octopus-proprete.com\/wp-content\/uploads\/2025\/09\/90-300x300.png 300w, https:\/\/octopus-proprete.com\/wp-content\/uploads\/2025\/09\/90-1024x1024.png 1024w, https:\/\/octopus-proprete.com\/wp-content\/uploads\/2025\/09\/90-150x150.png 150w, https:\/\/octopus-proprete.com\/wp-content\/uploads\/2025\/09\/90-768x768.png 768w\" sizes=\"(max-width: 1080px) 100vw, 1080px\" \/>\t\t\t\t\t\t\t\t\t\t\t\t\t\t\t<\/div>\n\t\t\t\t<\/div>\n\t\t\t\t\t<\/div>\n\t\t\t\t<\/div>\n\t\t<div class=\"elementor-element elementor-element-41091ce animated-slow e-flex e-con-boxed wpr-particle-no wpr-jarallax-no wpr-parallax-no wpr-sticky-section-no elementor-invisible e-con e-parent\" data-id=\"41091ce\" data-element_type=\"container\" data-settings=\"{&quot;animation&quot;:&quot;zoomIn&quot;}\">\n\t\t\t\t\t<div class=\"e-con-inner\">\n\t\t<div class=\"elementor-element elementor-element-ec8b5ca e-con-full e-flex wpr-particle-no wpr-jarallax-no wpr-parallax-no wpr-sticky-section-no e-con e-child\" data-id=\"ec8b5ca\" data-element_type=\"container\" data-settings=\"{&quot;background_background&quot;:&quot;classic&quot;}\">\n\t\t\t\t<div class=\"elementor-element elementor-element-ea0086e elementor-widget elementor-widget-heading\" data-id=\"ea0086e\" data-element_type=\"widget\" data-widget_type=\"heading.default\">\n\t\t\t\t\t<h2 class=\"elementor-heading-title elementor-size-default\">15+<\/h2>\t\t\t\t<\/div>\n\t\t\t\t<div class=\"elementor-element elementor-element-b04ee76 elementor-widget elementor-widget-text-editor\" data-id=\"b04ee76\" data-element_type=\"widget\" data-widget_type=\"text-editor.default\">\n\t\t\t\t\t\t\t\t\t<p>ans d\u2019exp\u00e9rience<\/p>\t\t\t\t\t\t\t\t<\/div>\n\t\t\t\t<\/div>\n\t\t<div class=\"elementor-element elementor-element-cf06e2c e-con-full e-flex wpr-particle-no wpr-jarallax-no wpr-parallax-no wpr-sticky-section-no e-con e-child\" data-id=\"cf06e2c\" data-element_type=\"container\" data-settings=\"{&quot;background_background&quot;:&quot;classic&quot;}\">\n\t\t\t\t<div class=\"elementor-element elementor-element-7bb5df2 elementor-widget elementor-widget-heading\" data-id=\"7bb5df2\" data-element_type=\"widget\" data-widget_type=\"heading.default\">\n\t\t\t\t\t<h2 class=\"elementor-heading-title elementor-size-default\">60+<\/h2>\t\t\t\t<\/div>\n\t\t\t\t<div class=\"elementor-element elementor-element-83fba66 elementor-widget elementor-widget-text-editor\" data-id=\"83fba66\" data-element_type=\"widget\" data-widget_type=\"text-editor.default\">\n\t\t\t\t\t\t\t\t\t<p>collaborateurs qualifi\u00e9s<\/p>\t\t\t\t\t\t\t\t<\/div>\n\t\t\t\t<\/div>\n\t\t<div class=\"elementor-element elementor-element-ac1dd4a e-con-full e-flex wpr-particle-no wpr-jarallax-no wpr-parallax-no wpr-sticky-section-no e-con e-child\" data-id=\"ac1dd4a\" data-element_type=\"container\" data-settings=\"{&quot;background_background&quot;:&quot;classic&quot;}\">\n\t\t\t\t<div class=\"elementor-element elementor-element-6d92391 elementor-widget elementor-widget-heading\" data-id=\"6d92391\" data-element_type=\"widget\" data-widget_type=\"heading.default\">\n\t\t\t\t\t<h2 class=\"elementor-heading-title elementor-size-default\">2 000+<\/h2>\t\t\t\t<\/div>\n\t\t\t\t<div class=\"elementor-element elementor-element-c407837 elementor-widget elementor-widget-text-editor\" data-id=\"c407837\" data-element_type=\"widget\" data-widget_type=\"text-editor.default\">\n\t\t\t\t\t\t\t\t\t<p>clients satisfaits<\/p>\t\t\t\t\t\t\t\t<\/div>\n\t\t\t\t<\/div>\n\t\t\t\t\t<\/div>\n\t\t\t\t<\/div>\n\t\t<div class=\"elementor-element elementor-element-311e45f animated-slow e-flex e-con-boxed wpr-particle-no wpr-jarallax-no wpr-parallax-no wpr-sticky-section-no elementor-invisible e-con e-parent\" data-id=\"311e45f\" data-element_type=\"container\" data-settings=\"{&quot;animation&quot;:&quot;fadeInDown&quot;}\">\n\t\t\t\t\t<div class=\"e-con-inner\">\n\t\t<div class=\"elementor-element elementor-element-07bf79a e-con-full e-flex wpr-particle-no wpr-jarallax-no wpr-parallax-no wpr-sticky-section-no e-con e-child\" data-id=\"07bf79a\" data-element_type=\"container\">\n\t\t\t\t<div class=\"elementor-element elementor-element-6de5ff2 elementor-widget__width-initial elementor-widget elementor-widget-heading\" data-id=\"6de5ff2\" data-element_type=\"widget\" data-widget_type=\"heading.default\">\n\t\t\t\t\t<h2 class=\"elementor-heading-title elementor-size-default\">Une histoire de confiance <br> et de proximit\u00e9<\/h2>\t\t\t\t<\/div>\n\t\t\t\t<div class=\"elementor-element elementor-element-128c470 elementor-widget elementor-widget-text-editor\" data-id=\"128c470\" data-element_type=\"widget\" data-widget_type=\"text-editor.default\">\n\t\t\t\t\t\t\t\t\t<p>N\u00e9e en 2012 de la vision de Jean-Christophe, Octopus Propret\u00e9 est pass\u00e9e d\u2019une auto-entreprise \u00e0 une soci\u00e9t\u00e9 de r\u00e9f\u00e9rence avec plus de 60 collaborateurs et 200 clients fid\u00e8les.<br data-start=\"1095\" data-end=\"1098\" \/>Notre mission : offrir un service de nettoyage professionnel alliant <strong data-start=\"1167\" data-end=\"1203\">r\u00e9activit\u00e9, rigueur et proximit\u00e9<\/strong> dans toute l\u2019\u00eele de La R\u00e9union.<\/p>\t\t\t\t\t\t\t\t<\/div>\n\t\t\t\t<div class=\"elementor-element elementor-element-df22be1 elementor-align-center elementor-widget__width-initial elementor-widget-mobile__width-initial elementor-widget elementor-widget-button\" data-id=\"df22be1\" data-element_type=\"widget\" data-widget_type=\"button.default\">\n\t\t\t\t\t\t\t\t\t\t<a class=\"elementor-button elementor-button-link elementor-size-sm elementor-animation-bounce-in\" href=\"http:\/\/testoctopus.fr\/index.php\/contact\/\">\n\t\t\t\t\t\t<span class=\"elementor-button-content-wrapper\">\n\t\t\t\t\t\t\t\t\t<span class=\"elementor-button-text\">On se rencontre ? <\/span>\n\t\t\t\t\t<\/span>\n\t\t\t\t\t<\/a>\n\t\t\t\t\t\t\t\t<\/div>\n\t\t\t\t<\/div>\n\t\t<div class=\"elementor-element elementor-element-fe16519 e-con-full e-flex wpr-particle-no wpr-jarallax-no wpr-parallax-no wpr-sticky-section-no e-con e-child\" data-id=\"fe16519\" data-element_type=\"container\">\n\t\t\t\t<div class=\"elementor-element elementor-element-46bfa90 elementor-widget elementor-widget-image\" data-id=\"46bfa90\" data-element_type=\"widget\" data-widget_type=\"image.default\">\n\t\t\t\t\t\t\t\t\t\t\t\t\t\t\t<img decoding=\"async\" width=\"800\" height=\"800\" src=\"https:\/\/octopus-proprete.com\/wp-content\/uploads\/2025\/08\/page-2-1024x1024.png\" class=\"attachment-large size-large wp-image-35\" alt=\"d\u00e9sinfection professionnelle 974\" srcset=\"https:\/\/octopus-proprete.com\/wp-content\/uploads\/2025\/08\/page-2-1024x1024.png 1024w, https:\/\/octopus-proprete.com\/wp-content\/uploads\/2025\/08\/page-2-300x300.png 300w, https:\/\/octopus-proprete.com\/wp-content\/uploads\/2025\/08\/page-2-150x150.png 150w, https:\/\/octopus-proprete.com\/wp-content\/uploads\/2025\/08\/page-2-768x768.png 768w, https:\/\/octopus-proprete.com\/wp-content\/uploads\/2025\/08\/page-2.png 1080w\" sizes=\"(max-width: 800px) 100vw, 800px\" \/>\t\t\t\t\t\t\t\t\t\t\t\t\t\t\t<\/div>\n\t\t\t\t<\/div>\n\t\t\t\t\t<\/div>\n\t\t\t\t<\/div>\n\t\t\t\t<\/div>\n\t\t","protected":false},"excerpt":{"rendered":"<p>Qui sommes-nous ? Octopus Propret\u00e9, votre partenaire de confiance pour des espaces propres, sains et durables. Demander un devis gratuit Octopus Propret\u00e9, votre partenaire au quotidien \u00ab\u00a0Depuis notre cr\u00e9ation, nous mettons au service de nos clients notre expertise du nettoyage professionnel. Notre mission : assurer des environnements impeccables, o\u00f9 hygi\u00e8ne et confort riment avec s\u00e9r\u00e9nit\u00e9. Gr\u00e2ce \u00e0 une \u00e9quipe form\u00e9e et r\u00e9active, nous accompagnons aussi bien les entreprises que les copropri\u00e9t\u00e9s et \u00e9tablissements exigeants.\u00a0\u00bb 15+ ans d\u2019exp\u00e9rience 60+ collaborateurs qualifi\u00e9s 2 000+ clients satisfaits Une histoire de confiance et de proximit\u00e9 N\u00e9e en 2012 de la vision de Jean-Christophe, Octopus Propret\u00e9 est pass\u00e9e d\u2019une auto-entreprise \u00e0 une soci\u00e9t\u00e9 de r\u00e9f\u00e9rence avec plus de 60 collaborateurs et 200 clients fid\u00e8les.Notre mission : offrir un service de nettoyage professionnel alliant r\u00e9activit\u00e9, rigueur et proximit\u00e9 dans toute l\u2019\u00eele de La R\u00e9union. On se rencontre ?<\/p>\n","protected":false},"author":1,"featured_media":0,"parent":0,"menu_order":0,"comment_status":"closed","ping_status":"closed","template":"","meta":{"footnotes":""},"class_list":["post-86","page","type-page","status-publish","hentry"],"yoast_head":"<!-- This site is optimized with the Yoast SEO plugin v26.7 - https:\/\/yoast.com\/wordpress\/plugins\/seo\/ -->\n<title>Qui sommes-nous - Octopus Propret\u00e9<\/title>\n<meta name=\"robots\" content=\"index, follow, max-snippet:-1, max-image-preview:large, max-video-preview:-1\" \/>\n<link rel=\"canonical\" href=\"https:\/\/octopus-proprete.com\/index.php\/qui-sommes-nous\/\" \/>\n<meta property=\"og:locale\" content=\"fr_FR\" \/>\n<meta property=\"og:type\" content=\"article\" \/>\n<meta property=\"og:title\" content=\"Qui sommes-nous - Octopus Propret\u00e9\" \/>\n<meta property=\"og:description\" content=\"Qui sommes-nous ? Octopus Propret\u00e9, votre partenaire de confiance pour des espaces propres, sains et durables. Demander un devis gratuit Octopus Propret\u00e9, votre partenaire au quotidien \u00ab\u00a0Depuis notre cr\u00e9ation, nous mettons au service de nos clients notre expertise du nettoyage professionnel. Notre mission : assurer des environnements impeccables, o\u00f9 hygi\u00e8ne et confort riment avec s\u00e9r\u00e9nit\u00e9. Gr\u00e2ce \u00e0 une \u00e9quipe form\u00e9e et r\u00e9active, nous accompagnons aussi bien les entreprises que les copropri\u00e9t\u00e9s et \u00e9tablissements exigeants.\u00a0\u00bb 15+ ans d\u2019exp\u00e9rience 60+ collaborateurs qualifi\u00e9s 2 000+ clients satisfaits Une histoire de confiance et de proximit\u00e9 N\u00e9e en 2012 de la vision de Jean-Christophe, Octopus Propret\u00e9 est pass\u00e9e d\u2019une auto-entreprise \u00e0 une soci\u00e9t\u00e9 de r\u00e9f\u00e9rence avec plus de 60 collaborateurs et 200 clients fid\u00e8les.Notre mission : offrir un service de nettoyage professionnel alliant r\u00e9activit\u00e9, rigueur et proximit\u00e9 dans toute l\u2019\u00eele de La R\u00e9union. On se rencontre ?\" \/>\n<meta property=\"og:url\" content=\"https:\/\/octopus-proprete.com\/index.php\/qui-sommes-nous\/\" \/>\n<meta property=\"og:site_name\" content=\"Octopus Propret\u00e9\" \/>\n<meta property=\"article:modified_time\" content=\"2026-02-06T13:40:54+00:00\" \/>\n<meta property=\"og:image\" content=\"https:\/\/octopus-proprete.com\/wp-content\/uploads\/2025\/09\/91.png\" \/>\n\t<meta property=\"og:image:width\" content=\"1080\" \/>\n\t<meta property=\"og:image:height\" content=\"1080\" \/>\n\t<meta property=\"og:image:type\" content=\"image\/png\" \/>\n<meta name=\"twitter:card\" content=\"summary_large_image\" \/>\n<meta name=\"twitter:label1\" content=\"Dur\u00e9e de lecture estim\u00e9e\" \/>\n\t<meta name=\"twitter:data1\" content=\"1 minute\" \/>\n<script type=\"application\/ld+json\" class=\"yoast-schema-graph\">{\"@context\":\"https:\/\/schema.org\",\"@graph\":[{\"@type\":\"WebPage\",\"@id\":\"https:\/\/octopus-proprete.com\/index.php\/qui-sommes-nous\/\",\"url\":\"https:\/\/octopus-proprete.com\/index.php\/qui-sommes-nous\/\",\"name\":\"Qui sommes-nous - Octopus Propret\u00e9\",\"isPartOf\":{\"@id\":\"https:\/\/octopus-proprete.com\/#website\"},\"primaryImageOfPage\":{\"@id\":\"https:\/\/octopus-proprete.com\/index.php\/qui-sommes-nous\/#primaryimage\"},\"image\":{\"@id\":\"https:\/\/octopus-proprete.com\/index.php\/qui-sommes-nous\/#primaryimage\"},\"thumbnailUrl\":\"https:\/\/octopus-proprete.com\/wp-content\/uploads\/2025\/09\/91.png\",\"datePublished\":\"2025-08-26T07:00:17+00:00\",\"dateModified\":\"2026-02-06T13:40:54+00:00\",\"breadcrumb\":{\"@id\":\"https:\/\/octopus-proprete.com\/index.php\/qui-sommes-nous\/#breadcrumb\"},\"inLanguage\":\"fr-FR\",\"potentialAction\":[{\"@type\":\"ReadAction\",\"target\":[\"https:\/\/octopus-proprete.com\/index.php\/qui-sommes-nous\/\"]}]},{\"@type\":\"ImageObject\",\"inLanguage\":\"fr-FR\",\"@id\":\"https:\/\/octopus-proprete.com\/index.php\/qui-sommes-nous\/#primaryimage\",\"url\":\"https:\/\/octopus-proprete.com\/wp-content\/uploads\/2025\/09\/91.png\",\"contentUrl\":\"https:\/\/octopus-proprete.com\/wp-content\/uploads\/2025\/09\/91.png\",\"width\":1080,\"height\":1080,\"caption\":\"entreprise d\u2019hygi\u00e8ne R\u00e9union\"},{\"@type\":\"BreadcrumbList\",\"@id\":\"https:\/\/octopus-proprete.com\/index.php\/qui-sommes-nous\/#breadcrumb\",\"itemListElement\":[{\"@type\":\"ListItem\",\"position\":1,\"name\":\"Accueil\",\"item\":\"https:\/\/octopus-proprete.com\/\"},{\"@type\":\"ListItem\",\"position\":2,\"name\":\"Qui sommes-nous\"}]},{\"@type\":\"WebSite\",\"@id\":\"https:\/\/octopus-proprete.com\/#website\",\"url\":\"https:\/\/octopus-proprete.com\/\",\"name\":\"Octopus Propret\u00e9\",\"description\":\"\",\"publisher\":{\"@id\":\"https:\/\/octopus-proprete.com\/#organization\"},\"potentialAction\":[{\"@type\":\"SearchAction\",\"target\":{\"@type\":\"EntryPoint\",\"urlTemplate\":\"https:\/\/octopus-proprete.com\/?s={search_term_string}\"},\"query-input\":{\"@type\":\"PropertyValueSpecification\",\"valueRequired\":true,\"valueName\":\"search_term_string\"}}],\"inLanguage\":\"fr-FR\"},{\"@type\":\"Organization\",\"@id\":\"https:\/\/octopus-proprete.com\/#organization\",\"name\":\"Octopus Propret\u00e9\",\"url\":\"https:\/\/octopus-proprete.com\/\",\"logo\":{\"@type\":\"ImageObject\",\"inLanguage\":\"fr-FR\",\"@id\":\"https:\/\/octopus-proprete.com\/#\/schema\/logo\/image\/\",\"url\":\"https:\/\/octopus-proprete.com\/wp-content\/uploads\/2025\/08\/1cbbf039-beb2-49f7-9fd0-833e4d1dbd3a.jpeg\",\"contentUrl\":\"https:\/\/octopus-proprete.com\/wp-content\/uploads\/2025\/08\/1cbbf039-beb2-49f7-9fd0-833e4d1dbd3a.jpeg\",\"width\":1280,\"height\":380,\"caption\":\"Octopus Propret\u00e9\"},\"image\":{\"@id\":\"https:\/\/octopus-proprete.com\/#\/schema\/logo\/image\/\"}}]}<\/script>\n<!-- \/ Yoast SEO plugin. -->","yoast_head_json":{"title":"Qui sommes-nous - Octopus Propret\u00e9","robots":{"index":"index","follow":"follow","max-snippet":"max-snippet:-1","max-image-preview":"max-image-preview:large","max-video-preview":"max-video-preview:-1"},"canonical":"https:\/\/octopus-proprete.com\/index.php\/qui-sommes-nous\/","og_locale":"fr_FR","og_type":"article","og_title":"Qui sommes-nous - Octopus Propret\u00e9","og_description":"Qui sommes-nous ? Octopus Propret\u00e9, votre partenaire de confiance pour des espaces propres, sains et durables. Demander un devis gratuit Octopus Propret\u00e9, votre partenaire au quotidien \u00ab\u00a0Depuis notre cr\u00e9ation, nous mettons au service de nos clients notre expertise du nettoyage professionnel. Notre mission : assurer des environnements impeccables, o\u00f9 hygi\u00e8ne et confort riment avec s\u00e9r\u00e9nit\u00e9. Gr\u00e2ce \u00e0 une \u00e9quipe form\u00e9e et r\u00e9active, nous accompagnons aussi bien les entreprises que les copropri\u00e9t\u00e9s et \u00e9tablissements exigeants.\u00a0\u00bb 15+ ans d\u2019exp\u00e9rience 60+ collaborateurs qualifi\u00e9s 2 000+ clients satisfaits Une histoire de confiance et de proximit\u00e9 N\u00e9e en 2012 de la vision de Jean-Christophe, Octopus Propret\u00e9 est pass\u00e9e d\u2019une auto-entreprise \u00e0 une soci\u00e9t\u00e9 de r\u00e9f\u00e9rence avec plus de 60 collaborateurs et 200 clients fid\u00e8les.Notre mission : offrir un service de nettoyage professionnel alliant r\u00e9activit\u00e9, rigueur et proximit\u00e9 dans toute l\u2019\u00eele de La R\u00e9union. On se rencontre ?","og_url":"https:\/\/octopus-proprete.com\/index.php\/qui-sommes-nous\/","og_site_name":"Octopus Propret\u00e9","article_modified_time":"2026-02-06T13:40:54+00:00","og_image":[{"width":1080,"height":1080,"url":"https:\/\/octopus-proprete.com\/wp-content\/uploads\/2025\/09\/91.png","type":"image\/png"}],"twitter_card":"summary_large_image","twitter_misc":{"Dur\u00e9e de lecture estim\u00e9e":"1 minute"},"schema":{"@context":"https:\/\/schema.org","@graph":[{"@type":"WebPage","@id":"https:\/\/octopus-proprete.com\/index.php\/qui-sommes-nous\/","url":"https:\/\/octopus-proprete.com\/index.php\/qui-sommes-nous\/","name":"Qui sommes-nous - Octopus Propret\u00e9","isPartOf":{"@id":"https:\/\/octopus-proprete.com\/#website"},"primaryImageOfPage":{"@id":"https:\/\/octopus-proprete.com\/index.php\/qui-sommes-nous\/#primaryimage"},"image":{"@id":"https:\/\/octopus-proprete.com\/index.php\/qui-sommes-nous\/#primaryimage"},"thumbnailUrl":"https:\/\/octopus-proprete.com\/wp-content\/uploads\/2025\/09\/91.png","datePublished":"2025-08-26T07:00:17+00:00","dateModified":"2026-02-06T13:40:54+00:00","breadcrumb":{"@id":"https:\/\/octopus-proprete.com\/index.php\/qui-sommes-nous\/#breadcrumb"},"inLanguage":"fr-FR","potentialAction":[{"@type":"ReadAction","target":["https:\/\/octopus-proprete.com\/index.php\/qui-sommes-nous\/"]}]},{"@type":"ImageObject","inLanguage":"fr-FR","@id":"https:\/\/octopus-proprete.com\/index.php\/qui-sommes-nous\/#primaryimage","url":"https:\/\/octopus-proprete.com\/wp-content\/uploads\/2025\/09\/91.png","contentUrl":"https:\/\/octopus-proprete.com\/wp-content\/uploads\/2025\/09\/91.png","width":1080,"height":1080,"caption":"entreprise d\u2019hygi\u00e8ne R\u00e9union"},{"@type":"BreadcrumbList","@id":"https:\/\/octopus-proprete.com\/index.php\/qui-sommes-nous\/#breadcrumb","itemListElement":[{"@type":"ListItem","position":1,"name":"Accueil","item":"https:\/\/octopus-proprete.com\/"},{"@type":"ListItem","position":2,"name":"Qui sommes-nous"}]},{"@type":"WebSite","@id":"https:\/\/octopus-proprete.com\/#website","url":"https:\/\/octopus-proprete.com\/","name":"Octopus Propret\u00e9","description":"","publisher":{"@id":"https:\/\/octopus-proprete.com\/#organization"},"potentialAction":[{"@type":"SearchAction","target":{"@type":"EntryPoint","urlTemplate":"https:\/\/octopus-proprete.com\/?s={search_term_string}"},"query-input":{"@type":"PropertyValueSpecification","valueRequired":true,"valueName":"search_term_string"}}],"inLanguage":"fr-FR"},{"@type":"Organization","@id":"https:\/\/octopus-proprete.com\/#organization","name":"Octopus Propret\u00e9","url":"https:\/\/octopus-proprete.com\/","logo":{"@type":"ImageObject","inLanguage":"fr-FR","@id":"https:\/\/octopus-proprete.com\/#\/schema\/logo\/image\/","url":"https:\/\/octopus-proprete.com\/wp-content\/uploads\/2025\/08\/1cbbf039-beb2-49f7-9fd0-833e4d1dbd3a.jpeg","contentUrl":"https:\/\/octopus-proprete.com\/wp-content\/uploads\/2025\/08\/1cbbf039-beb2-49f7-9fd0-833e4d1dbd3a.jpeg","width":1280,"height":380,"caption":"Octopus Propret\u00e9"},"image":{"@id":"https:\/\/octopus-proprete.com\/#\/schema\/logo\/image\/"}}]}},"_links":{"self":[{"href":"https:\/\/octopus-proprete.com\/index.php\/wp-json\/wp\/v2\/pages\/86","targetHints":{"allow":["GET"]}}],"collection":[{"href":"https:\/\/octopus-proprete.com\/index.php\/wp-json\/wp\/v2\/pages"}],"about":[{"href":"https:\/\/octopus-proprete.com\/index.php\/wp-json\/wp\/v2\/types\/page"}],"author":[{"embeddable":true,"href":"https:\/\/octopus-proprete.com\/index.php\/wp-json\/wp\/v2\/users\/1"}],"replies":[{"embeddable":true,"href":"https:\/\/octopus-proprete.com\/index.php\/wp-json\/wp\/v2\/comments?post=86"}],"version-history":[{"count":34,"href":"https:\/\/octopus-proprete.com\/index.php\/wp-json\/wp\/v2\/pages\/86\/revisions"}],"predecessor-version":[{"id":699,"href":"https:\/\/octopus-proprete.com\/index.php\/wp-json\/wp\/v2\/pages\/86\/revisions\/699"}],"wp:attachment":[{"href":"https:\/\/octopus-proprete.com\/index.php\/wp-json\/wp\/v2\/media?parent=86"}],"curies":[{"name":"wp","href":"https:\/\/api.w.org\/{rel}","templated":true}]}}