{"id":603,"date":"2026-01-13T18:09:38","date_gmt":"2026-01-13T14:09:38","guid":{"rendered":"https:\/\/octopus-proprete.com\/?page_id=603"},"modified":"2026-01-13T18:51:35","modified_gmt":"2026-01-13T14:51:35","slug":"mentions-legales","status":"publish","type":"page","link":"https:\/\/octopus-proprete.com\/index.php\/mentions-legales\/","title":{"rendered":"Mentions l\u00e9gales"},"content":{"rendered":"\t\t<div data-elementor-type=\"wp-page\" data-elementor-id=\"603\" class=\"elementor elementor-603\" data-elementor-post-type=\"page\">\n\t\t\t\t<div class=\"elementor-element elementor-element-6b23cde e-flex e-con-boxed wpr-particle-no wpr-jarallax-no wpr-parallax-no wpr-sticky-section-no e-con e-parent\" data-id=\"6b23cde\" data-element_type=\"container\">\n\t\t\t\t\t<div class=\"e-con-inner\">\n\t\t\t\t<div class=\"elementor-element elementor-element-d0a4328 e-transform elementor-widget elementor-widget-heading\" data-id=\"d0a4328\" data-element_type=\"widget\" data-settings=\"{&quot;_transform_translateX_effect&quot;:{&quot;unit&quot;:&quot;px&quot;,&quot;size&quot;:&quot;&quot;,&quot;sizes&quot;:[]},&quot;_transform_translateX_effect_tablet&quot;:{&quot;unit&quot;:&quot;px&quot;,&quot;size&quot;:&quot;&quot;,&quot;sizes&quot;:[]},&quot;_transform_translateX_effect_mobile&quot;:{&quot;unit&quot;:&quot;px&quot;,&quot;size&quot;:&quot;&quot;,&quot;sizes&quot;:[]},&quot;_transform_translateY_effect&quot;:{&quot;unit&quot;:&quot;px&quot;,&quot;size&quot;:&quot;&quot;,&quot;sizes&quot;:[]},&quot;_transform_translateY_effect_tablet&quot;:{&quot;unit&quot;:&quot;px&quot;,&quot;size&quot;:&quot;&quot;,&quot;sizes&quot;:[]},&quot;_transform_translateY_effect_mobile&quot;:{&quot;unit&quot;:&quot;px&quot;,&quot;size&quot;:&quot;&quot;,&quot;sizes&quot;:[]}}\" data-widget_type=\"heading.default\">\n\t\t\t\t\t<h2 class=\"elementor-heading-title elementor-size-default\">MENTIONS L\u00c9GALES<\/h2>\t\t\t\t<\/div>\n\t\t\t\t\t<\/div>\n\t\t\t\t<\/div>\n\t\t<div class=\"elementor-element elementor-element-01be76d e-flex e-con-boxed wpr-particle-no wpr-jarallax-no wpr-parallax-no wpr-sticky-section-no e-con e-parent\" data-id=\"01be76d\" data-element_type=\"container\">\n\t\t\t\t\t<div class=\"e-con-inner\">\n\t\t\t\t<div class=\"elementor-element elementor-element-1e06c11 elementor-widget elementor-widget-text-editor\" data-id=\"1e06c11\" data-element_type=\"widget\" data-widget_type=\"text-editor.default\">\n\t\t\t\t\t\t\t\t\t<p><strong data-start=\"127\" data-end=\"149\">1. \u00c9diteur du site<\/strong><\/p><p data-start=\"151\" data-end=\"304\">Le site <strong data-start=\"159\" data-end=\"186\"><a href=\"https:\/\/octopus-proprete.com\/\" target=\"_new\" rel=\"noopener\" data-start=\"161\" data-end=\"184\">https:\/\/octopus-proprete.com\/<\/a><\/strong> est \u00e9dit\u00e9 par la soci\u00e9t\u00e9 <b>Octopus Propret\u00e9<\/b>, inscrit au r\u00e9pertoire SIRET sous le num\u00e9ro <strong>824 665 939 00024<\/strong>.<\/p><p data-start=\"306\" data-end=\"387\"><strong data-start=\"306\" data-end=\"319\">Adresse :<\/strong><br data-start=\"319\" data-end=\"322\" \/>95 Rue Suffren<br data-start=\"343\" data-end=\"346\" \/>97410 Saint-Pierre<br data-start=\"306\" data-end=\"387\" \/>La R\u00e9union<\/p><p data-start=\"306\" data-end=\"387\">Pour toute question relative au site ou \u00e0 son utilisation, vous pouvez contacter le cabinet \u00e0 l\u2019adresse : <strong>entrepriseoctopus@gmail.com<\/strong><\/p><hr data-start=\"526\" data-end=\"529\" \/><h2 data-start=\"531\" data-end=\"552\"><strong data-start=\"534\" data-end=\"552\">2. H\u00e9bergement<\/strong><\/h2><p data-start=\"554\" data-end=\"581\">Le site est h\u00e9berg\u00e9 par :<\/p><p data-start=\"583\" data-end=\"636\"><strong data-start=\"583\" data-end=\"590\">OVH<\/strong><br data-start=\"590\" data-end=\"593\" \/>2 rue Kellermann<br data-start=\"609\" data-end=\"612\" \/>59100 Roubaix<br data-start=\"625\" data-end=\"628\" \/>France<\/p><hr data-start=\"638\" data-end=\"641\" \/><h2 data-start=\"643\" data-end=\"678\"><strong data-start=\"646\" data-end=\"678\">3. Conception et r\u00e9alisation<\/strong><\/h2><p data-start=\"680\" data-end=\"774\">La conception et le d\u00e9veloppement du site\u00a0<strong data-start=\"159\" data-end=\"186\"><a href=\"https:\/\/octopus-proprete.com\/\" target=\"_new\" rel=\"noopener\" data-start=\"161\" data-end=\"184\">https:\/\/octopus-proprete.com\/<\/a><\/strong>\u00a0ont \u00e9t\u00e9 r\u00e9alis\u00e9s par :<\/p><p data-start=\"776\" data-end=\"868\"><strong data-start=\"776\" data-end=\"798\">Agence R Num\u00e9rique<\/strong><br data-start=\"798\" data-end=\"801\" \/>Saint Gilles les Bains<br data-start=\"812\" data-end=\"815\" \/>5 impasse de la Gerbe d&rsquo;Or<br data-start=\"776\" data-end=\"868\" \/>97434 Saint-Paul<br data-start=\"853\" data-end=\"856\" \/>La R\u00e9union<\/p><p data-start=\"870\" data-end=\"914\">Site : <strong data-start=\"877\" data-end=\"914\"><a href=\"https:\/\/www.agence-rnumerique.com\" target=\"_new\" rel=\"noopener\" data-start=\"879\" data-end=\"912\">https:\/\/www.agence-rnumerique.com<\/a><\/strong><\/p><hr data-start=\"916\" data-end=\"919\" \/><h2 data-start=\"921\" data-end=\"958\"><strong data-start=\"924\" data-end=\"958\">4. Donn\u00e9es personnelles \u2013 RGPD<\/strong><\/h2><p data-start=\"960\" data-end=\"1112\">La navigation sur ce site est s\u00e9curis\u00e9e gr\u00e2ce \u00e0 un certificat SSL.<br data-start=\"1026\" data-end=\"1029\" \/>Aucune donn\u00e9e personnelle n\u2019est collect\u00e9e automatiquement lors de votre navigation.<\/p><p data-start=\"1114\" data-end=\"1345\">En cas de prise de contact (formulaire, e-mail ou t\u00e9l\u00e9phone), les informations que vous transmettez sont utilis\u00e9es <strong data-start=\"1229\" data-end=\"1273\">uniquement pour r\u00e9pondre \u00e0 votre demande<\/strong>. Elles ne sont <strong data-start=\"1289\" data-end=\"1317\">ni vendues, ni \u00e9chang\u00e9es<\/strong>, ni transmises \u00e0 des tiers.<\/p><p data-start=\"1347\" data-end=\"1386\">Conform\u00e9ment au RGPD, vous disposez :<\/p><ul data-start=\"1387\" data-end=\"1545\"><li data-start=\"1387\" data-end=\"1410\"><p data-start=\"1389\" data-end=\"1410\">d\u2019un droit d\u2019acc\u00e8s,<\/p><\/li><li data-start=\"1411\" data-end=\"1443\"><p data-start=\"1413\" data-end=\"1443\">d\u2019un droit de rectification,<\/p><\/li><li data-start=\"1444\" data-end=\"1472\"><p data-start=\"1446\" data-end=\"1472\">d\u2019un droit d\u2019effacement,<\/p><\/li><li data-start=\"1473\" data-end=\"1501\"><p data-start=\"1475\" data-end=\"1501\">d\u2019un droit d\u2019opposition,<\/p><\/li><li data-start=\"1502\" data-end=\"1545\"><p data-start=\"1504\" data-end=\"1545\">d\u2019un droit \u00e0 la limitation du traitement.<\/p><\/li><\/ul><p data-start=\"1547\" data-end=\"1615\">Pour exercer vos droits, contactez :<br data-start=\"1583\" data-end=\"1586\" \/><strong>entrepriseoctopus@gmail.com<\/strong><\/p><hr data-start=\"1617\" data-end=\"1620\" \/><h2 data-start=\"1622\" data-end=\"1639\"><strong data-start=\"1625\" data-end=\"1639\">5. Cookies<\/strong><\/h2><p data-start=\"1641\" data-end=\"1821\">Le site utilise uniquement des <strong data-start=\"1672\" data-end=\"1707\">cookies strictement n\u00e9cessaires<\/strong> \u00e0 son bon fonctionnement.<br data-start=\"1733\" data-end=\"1736\" \/>Ils ne peuvent \u00eatre d\u00e9sactiv\u00e9s sans d\u00e9grader l\u2019affichage et l\u2019exp\u00e9rience utilisateur.<\/p><p data-start=\"1823\" data-end=\"1900\">Le site <strong data-start=\"1831\" data-end=\"1871\">n\u2019effectue aucun suivi de navigation<\/strong> ni collecte de statistiques.<\/p><hr data-start=\"1902\" data-end=\"1905\" \/><h2 data-start=\"1907\" data-end=\"1941\"><strong data-start=\"1910\" data-end=\"1941\">6. Propri\u00e9t\u00e9 intellectuelle<\/strong><\/h2><p data-start=\"1943\" data-end=\"2102\">Les contenus pr\u00e9sents sur le site (textes, images, \u00e9l\u00e9ments graphiques) sont la propri\u00e9t\u00e9 de la soci\u00e9t\u00e9 Octopus Propret\u00e9, ou utilis\u00e9s avec autorisation.<\/p><p data-start=\"2104\" data-end=\"2239\">Toute reproduction, distribution, copie ou exploitation, totale ou partielle, est <strong data-start=\"2186\" data-end=\"2227\">interdite sans accord \u00e9crit pr\u00e9alable<\/strong> du Cabinet.<\/p><hr data-start=\"2241\" data-end=\"2244\" \/><h2 data-start=\"2246\" data-end=\"2270\"><strong data-start=\"2249\" data-end=\"2270\">7. Responsabilit\u00e9<\/strong><\/h2><p data-start=\"2272\" data-end=\"2339\">La soci\u00e9t\u00e9 Octopus Propret\u00e9 ne peut \u00eatre tenu responsable :<\/p><ul data-start=\"2340\" data-end=\"2599\"><li data-start=\"2340\" data-end=\"2421\"><p data-start=\"2342\" data-end=\"2421\">des interruptions ou dysfonctionnements du site, quelle qu\u2019en soit la cause ;<\/p><\/li><li data-start=\"2422\" data-end=\"2490\"><p data-start=\"2424\" data-end=\"2490\">des dommages directs ou indirects li\u00e9s \u00e0 l\u2019utilisation du site ;<\/p><\/li><li data-start=\"2491\" data-end=\"2599\"><pre data-start=\"2493\" data-end=\"2599\">du contenu des sites tiers accessibles via des liens hypertextes pr\u00e9sents sur <strong data-start=\"159\" data-end=\"186\"><a class=\"decorated-link\" href=\"https:\/\/octopus-proprete.com\/\" target=\"_new\" rel=\"noopener\" data-start=\"161\" data-end=\"184\">https:\/\/octopus-proprete.com\/<\/a><\/strong>.<\/pre><\/li><\/ul><p data-start=\"2601\" data-end=\"2695\">L\u2019acc\u00e8s au site peut \u00eatre suspendu \u00e0 tout moment pour maintenance ou mise \u00e0 jour sans pr\u00e9avis.<\/p><hr data-start=\"2697\" data-end=\"2700\" \/><h2 data-start=\"2702\" data-end=\"2728\"><strong data-start=\"2705\" data-end=\"2728\">8. Droit applicable<\/strong><\/h2><p data-start=\"2730\" data-end=\"2902\">Les pr\u00e9sentes mentions l\u00e9gales sont r\u00e9gies par le droit fran\u00e7ais.<br data-start=\"2795\" data-end=\"2798\" \/>Tout litige relatif \u00e0 leur interpr\u00e9tation ou \u00e0 l\u2019utilisation du site rel\u00e8ve des juridictions fran\u00e7aises.<\/p>\t\t\t\t\t\t\t\t<\/div>\n\t\t\t\t\t<\/div>\n\t\t\t\t<\/div>\n\t\t\t\t<\/div>\n\t\t","protected":false},"excerpt":{"rendered":"<p>MENTIONS L\u00c9GALES 1. \u00c9diteur du site Le site https:\/\/octopus-proprete.com\/ est \u00e9dit\u00e9 par la soci\u00e9t\u00e9 Octopus Propret\u00e9, inscrit au r\u00e9pertoire SIRET sous le num\u00e9ro 824 665 939 00024. Adresse :95 Rue Suffren97410 Saint-PierreLa R\u00e9union Pour toute question relative au site ou \u00e0 son utilisation, vous pouvez contacter le cabinet \u00e0 l\u2019adresse : entrepriseoctopus@gmail.com 2. H\u00e9bergement Le site est h\u00e9berg\u00e9 par : OVH2 rue Kellermann59100 RoubaixFrance 3. Conception et r\u00e9alisation La conception et le d\u00e9veloppement du site\u00a0https:\/\/octopus-proprete.com\/\u00a0ont \u00e9t\u00e9 r\u00e9alis\u00e9s par : Agence R Num\u00e9riqueSaint Gilles les Bains5 impasse de la Gerbe d&rsquo;Or97434 Saint-PaulLa R\u00e9union Site : https:\/\/www.agence-rnumerique.com 4. Donn\u00e9es personnelles \u2013 RGPD La navigation sur ce site est s\u00e9curis\u00e9e gr\u00e2ce \u00e0 un certificat SSL.Aucune donn\u00e9e personnelle n\u2019est collect\u00e9e automatiquement lors de votre navigation. En cas de prise de contact (formulaire, e-mail ou t\u00e9l\u00e9phone), les informations que vous transmettez sont utilis\u00e9es uniquement pour r\u00e9pondre \u00e0 votre demande. Elles ne sont ni vendues, ni \u00e9chang\u00e9es, ni transmises \u00e0 des tiers. Conform\u00e9ment au RGPD, vous disposez : d\u2019un droit d\u2019acc\u00e8s, d\u2019un droit de rectification, d\u2019un droit d\u2019effacement, d\u2019un droit d\u2019opposition, d\u2019un droit \u00e0 la limitation du traitement. Pour exercer vos droits, contactez :entrepriseoctopus@gmail.com 5. Cookies Le site utilise uniquement des cookies strictement n\u00e9cessaires \u00e0 son bon fonctionnement.Ils ne peuvent \u00eatre d\u00e9sactiv\u00e9s sans d\u00e9grader l\u2019affichage et l\u2019exp\u00e9rience utilisateur. Le site n\u2019effectue aucun suivi de navigation ni collecte de statistiques. 6. Propri\u00e9t\u00e9 intellectuelle Les contenus pr\u00e9sents sur le site (textes, images, \u00e9l\u00e9ments graphiques) sont la propri\u00e9t\u00e9 de la soci\u00e9t\u00e9 Octopus Propret\u00e9, ou utilis\u00e9s avec autorisation. Toute reproduction, distribution, copie ou exploitation, totale ou partielle, est interdite sans accord \u00e9crit pr\u00e9alable du Cabinet. 7. Responsabilit\u00e9 La soci\u00e9t\u00e9 Octopus Propret\u00e9 ne peut \u00eatre tenu responsable : des interruptions ou dysfonctionnements du site, quelle qu\u2019en soit la cause ; des dommages directs ou indirects li\u00e9s \u00e0 l\u2019utilisation du site ; du contenu des sites tiers accessibles via des liens hypertextes pr\u00e9sents sur https:\/\/octopus-proprete.com\/. L\u2019acc\u00e8s au site peut \u00eatre suspendu \u00e0 tout moment pour maintenance ou mise \u00e0 jour sans pr\u00e9avis. 8. Droit applicable Les pr\u00e9sentes mentions l\u00e9gales sont r\u00e9gies par le droit fran\u00e7ais.Tout litige relatif \u00e0 leur interpr\u00e9tation ou \u00e0 l\u2019utilisation du site rel\u00e8ve des juridictions fran\u00e7aises.<\/p>\n","protected":false},"author":1,"featured_media":0,"parent":0,"menu_order":0,"comment_status":"closed","ping_status":"closed","template":"","meta":{"footnotes":""},"class_list":["post-603","page","type-page","status-publish","hentry"],"yoast_head":"<!-- This site is optimized with the Yoast SEO plugin v26.7 - https:\/\/yoast.com\/wordpress\/plugins\/seo\/ -->\n<title>Mentions l\u00e9gales - Octopus Propret\u00e9<\/title>\n<meta name=\"robots\" content=\"index, follow, max-snippet:-1, max-image-preview:large, max-video-preview:-1\" \/>\n<link rel=\"canonical\" href=\"https:\/\/octopus-proprete.com\/index.php\/mentions-legales\/\" \/>\n<meta property=\"og:locale\" content=\"fr_FR\" \/>\n<meta property=\"og:type\" content=\"article\" \/>\n<meta property=\"og:title\" content=\"Mentions l\u00e9gales - Octopus Propret\u00e9\" \/>\n<meta property=\"og:description\" content=\"MENTIONS L\u00c9GALES 1. \u00c9diteur du site Le site https:\/\/octopus-proprete.com\/ est \u00e9dit\u00e9 par la soci\u00e9t\u00e9 Octopus Propret\u00e9, inscrit au r\u00e9pertoire SIRET sous le num\u00e9ro 824 665 939 00024. Adresse :95 Rue Suffren97410 Saint-PierreLa R\u00e9union Pour toute question relative au site ou \u00e0 son utilisation, vous pouvez contacter le cabinet \u00e0 l\u2019adresse : entrepriseoctopus@gmail.com 2. H\u00e9bergement Le site est h\u00e9berg\u00e9 par : OVH2 rue Kellermann59100 RoubaixFrance 3. Conception et r\u00e9alisation La conception et le d\u00e9veloppement du site\u00a0https:\/\/octopus-proprete.com\/\u00a0ont \u00e9t\u00e9 r\u00e9alis\u00e9s par : Agence R Num\u00e9riqueSaint Gilles les Bains5 impasse de la Gerbe d&rsquo;Or97434 Saint-PaulLa R\u00e9union Site : https:\/\/www.agence-rnumerique.com 4. Donn\u00e9es personnelles \u2013 RGPD La navigation sur ce site est s\u00e9curis\u00e9e gr\u00e2ce \u00e0 un certificat SSL.Aucune donn\u00e9e personnelle n\u2019est collect\u00e9e automatiquement lors de votre navigation. En cas de prise de contact (formulaire, e-mail ou t\u00e9l\u00e9phone), les informations que vous transmettez sont utilis\u00e9es uniquement pour r\u00e9pondre \u00e0 votre demande. Elles ne sont ni vendues, ni \u00e9chang\u00e9es, ni transmises \u00e0 des tiers. Conform\u00e9ment au RGPD, vous disposez : d\u2019un droit d\u2019acc\u00e8s, d\u2019un droit de rectification, d\u2019un droit d\u2019effacement, d\u2019un droit d\u2019opposition, d\u2019un droit \u00e0 la limitation du traitement. Pour exercer vos droits, contactez :entrepriseoctopus@gmail.com 5. Cookies Le site utilise uniquement des cookies strictement n\u00e9cessaires \u00e0 son bon fonctionnement.Ils ne peuvent \u00eatre d\u00e9sactiv\u00e9s sans d\u00e9grader l\u2019affichage et l\u2019exp\u00e9rience utilisateur. Le site n\u2019effectue aucun suivi de navigation ni collecte de statistiques. 6. Propri\u00e9t\u00e9 intellectuelle Les contenus pr\u00e9sents sur le site (textes, images, \u00e9l\u00e9ments graphiques) sont la propri\u00e9t\u00e9 de la soci\u00e9t\u00e9 Octopus Propret\u00e9, ou utilis\u00e9s avec autorisation. Toute reproduction, distribution, copie ou exploitation, totale ou partielle, est interdite sans accord \u00e9crit pr\u00e9alable du Cabinet. 7. Responsabilit\u00e9 La soci\u00e9t\u00e9 Octopus Propret\u00e9 ne peut \u00eatre tenu responsable : des interruptions ou dysfonctionnements du site, quelle qu\u2019en soit la cause ; des dommages directs ou indirects li\u00e9s \u00e0 l\u2019utilisation du site ; du contenu des sites tiers accessibles via des liens hypertextes pr\u00e9sents sur https:\/\/octopus-proprete.com\/. L\u2019acc\u00e8s au site peut \u00eatre suspendu \u00e0 tout moment pour maintenance ou mise \u00e0 jour sans pr\u00e9avis. 8. Droit applicable Les pr\u00e9sentes mentions l\u00e9gales sont r\u00e9gies par le droit fran\u00e7ais.Tout litige relatif \u00e0 leur interpr\u00e9tation ou \u00e0 l\u2019utilisation du site rel\u00e8ve des juridictions fran\u00e7aises.\" \/>\n<meta property=\"og:url\" content=\"https:\/\/octopus-proprete.com\/index.php\/mentions-legales\/\" \/>\n<meta property=\"og:site_name\" content=\"Octopus Propret\u00e9\" \/>\n<meta property=\"article:modified_time\" content=\"2026-01-13T14:51:35+00:00\" \/>\n<meta name=\"twitter:card\" content=\"summary_large_image\" \/>\n<meta name=\"twitter:label1\" content=\"Dur\u00e9e de lecture estim\u00e9e\" \/>\n\t<meta name=\"twitter:data1\" content=\"2 minutes\" \/>\n<script type=\"application\/ld+json\" class=\"yoast-schema-graph\">{\"@context\":\"https:\/\/schema.org\",\"@graph\":[{\"@type\":\"WebPage\",\"@id\":\"https:\/\/octopus-proprete.com\/index.php\/mentions-legales\/\",\"url\":\"https:\/\/octopus-proprete.com\/index.php\/mentions-legales\/\",\"name\":\"Mentions l\u00e9gales - Octopus Propret\u00e9\",\"isPartOf\":{\"@id\":\"https:\/\/octopus-proprete.com\/#website\"},\"datePublished\":\"2026-01-13T14:09:38+00:00\",\"dateModified\":\"2026-01-13T14:51:35+00:00\",\"breadcrumb\":{\"@id\":\"https:\/\/octopus-proprete.com\/index.php\/mentions-legales\/#breadcrumb\"},\"inLanguage\":\"fr-FR\",\"potentialAction\":[{\"@type\":\"ReadAction\",\"target\":[\"https:\/\/octopus-proprete.com\/index.php\/mentions-legales\/\"]}]},{\"@type\":\"BreadcrumbList\",\"@id\":\"https:\/\/octopus-proprete.com\/index.php\/mentions-legales\/#breadcrumb\",\"itemListElement\":[{\"@type\":\"ListItem\",\"position\":1,\"name\":\"Accueil\",\"item\":\"https:\/\/octopus-proprete.com\/\"},{\"@type\":\"ListItem\",\"position\":2,\"name\":\"Mentions l\u00e9gales\"}]},{\"@type\":\"WebSite\",\"@id\":\"https:\/\/octopus-proprete.com\/#website\",\"url\":\"https:\/\/octopus-proprete.com\/\",\"name\":\"Octopus Propret\u00e9\",\"description\":\"\",\"publisher\":{\"@id\":\"https:\/\/octopus-proprete.com\/#organization\"},\"potentialAction\":[{\"@type\":\"SearchAction\",\"target\":{\"@type\":\"EntryPoint\",\"urlTemplate\":\"https:\/\/octopus-proprete.com\/?s={search_term_string}\"},\"query-input\":{\"@type\":\"PropertyValueSpecification\",\"valueRequired\":true,\"valueName\":\"search_term_string\"}}],\"inLanguage\":\"fr-FR\"},{\"@type\":\"Organization\",\"@id\":\"https:\/\/octopus-proprete.com\/#organization\",\"name\":\"Octopus Propret\u00e9\",\"url\":\"https:\/\/octopus-proprete.com\/\",\"logo\":{\"@type\":\"ImageObject\",\"inLanguage\":\"fr-FR\",\"@id\":\"https:\/\/octopus-proprete.com\/#\/schema\/logo\/image\/\",\"url\":\"https:\/\/octopus-proprete.com\/wp-content\/uploads\/2025\/08\/1cbbf039-beb2-49f7-9fd0-833e4d1dbd3a.jpeg\",\"contentUrl\":\"https:\/\/octopus-proprete.com\/wp-content\/uploads\/2025\/08\/1cbbf039-beb2-49f7-9fd0-833e4d1dbd3a.jpeg\",\"width\":1280,\"height\":380,\"caption\":\"Octopus Propret\u00e9\"},\"image\":{\"@id\":\"https:\/\/octopus-proprete.com\/#\/schema\/logo\/image\/\"}}]}<\/script>\n<!-- \/ Yoast SEO plugin. -->","yoast_head_json":{"title":"Mentions l\u00e9gales - Octopus Propret\u00e9","robots":{"index":"index","follow":"follow","max-snippet":"max-snippet:-1","max-image-preview":"max-image-preview:large","max-video-preview":"max-video-preview:-1"},"canonical":"https:\/\/octopus-proprete.com\/index.php\/mentions-legales\/","og_locale":"fr_FR","og_type":"article","og_title":"Mentions l\u00e9gales - Octopus Propret\u00e9","og_description":"MENTIONS L\u00c9GALES 1. \u00c9diteur du site Le site https:\/\/octopus-proprete.com\/ est \u00e9dit\u00e9 par la soci\u00e9t\u00e9 Octopus Propret\u00e9, inscrit au r\u00e9pertoire SIRET sous le num\u00e9ro 824 665 939 00024. Adresse :95 Rue Suffren97410 Saint-PierreLa R\u00e9union Pour toute question relative au site ou \u00e0 son utilisation, vous pouvez contacter le cabinet \u00e0 l\u2019adresse : entrepriseoctopus@gmail.com 2. H\u00e9bergement Le site est h\u00e9berg\u00e9 par : OVH2 rue Kellermann59100 RoubaixFrance 3. Conception et r\u00e9alisation La conception et le d\u00e9veloppement du site\u00a0https:\/\/octopus-proprete.com\/\u00a0ont \u00e9t\u00e9 r\u00e9alis\u00e9s par : Agence R Num\u00e9riqueSaint Gilles les Bains5 impasse de la Gerbe d&rsquo;Or97434 Saint-PaulLa R\u00e9union Site : https:\/\/www.agence-rnumerique.com 4. Donn\u00e9es personnelles \u2013 RGPD La navigation sur ce site est s\u00e9curis\u00e9e gr\u00e2ce \u00e0 un certificat SSL.Aucune donn\u00e9e personnelle n\u2019est collect\u00e9e automatiquement lors de votre navigation. En cas de prise de contact (formulaire, e-mail ou t\u00e9l\u00e9phone), les informations que vous transmettez sont utilis\u00e9es uniquement pour r\u00e9pondre \u00e0 votre demande. Elles ne sont ni vendues, ni \u00e9chang\u00e9es, ni transmises \u00e0 des tiers. Conform\u00e9ment au RGPD, vous disposez : d\u2019un droit d\u2019acc\u00e8s, d\u2019un droit de rectification, d\u2019un droit d\u2019effacement, d\u2019un droit d\u2019opposition, d\u2019un droit \u00e0 la limitation du traitement. Pour exercer vos droits, contactez :entrepriseoctopus@gmail.com 5. Cookies Le site utilise uniquement des cookies strictement n\u00e9cessaires \u00e0 son bon fonctionnement.Ils ne peuvent \u00eatre d\u00e9sactiv\u00e9s sans d\u00e9grader l\u2019affichage et l\u2019exp\u00e9rience utilisateur. Le site n\u2019effectue aucun suivi de navigation ni collecte de statistiques. 6. Propri\u00e9t\u00e9 intellectuelle Les contenus pr\u00e9sents sur le site (textes, images, \u00e9l\u00e9ments graphiques) sont la propri\u00e9t\u00e9 de la soci\u00e9t\u00e9 Octopus Propret\u00e9, ou utilis\u00e9s avec autorisation. Toute reproduction, distribution, copie ou exploitation, totale ou partielle, est interdite sans accord \u00e9crit pr\u00e9alable du Cabinet. 7. Responsabilit\u00e9 La soci\u00e9t\u00e9 Octopus Propret\u00e9 ne peut \u00eatre tenu responsable : des interruptions ou dysfonctionnements du site, quelle qu\u2019en soit la cause ; des dommages directs ou indirects li\u00e9s \u00e0 l\u2019utilisation du site ; du contenu des sites tiers accessibles via des liens hypertextes pr\u00e9sents sur https:\/\/octopus-proprete.com\/. L\u2019acc\u00e8s au site peut \u00eatre suspendu \u00e0 tout moment pour maintenance ou mise \u00e0 jour sans pr\u00e9avis. 8. Droit applicable Les pr\u00e9sentes mentions l\u00e9gales sont r\u00e9gies par le droit fran\u00e7ais.Tout litige relatif \u00e0 leur interpr\u00e9tation ou \u00e0 l\u2019utilisation du site rel\u00e8ve des juridictions fran\u00e7aises.","og_url":"https:\/\/octopus-proprete.com\/index.php\/mentions-legales\/","og_site_name":"Octopus Propret\u00e9","article_modified_time":"2026-01-13T14:51:35+00:00","twitter_card":"summary_large_image","twitter_misc":{"Dur\u00e9e de lecture estim\u00e9e":"2 minutes"},"schema":{"@context":"https:\/\/schema.org","@graph":[{"@type":"WebPage","@id":"https:\/\/octopus-proprete.com\/index.php\/mentions-legales\/","url":"https:\/\/octopus-proprete.com\/index.php\/mentions-legales\/","name":"Mentions l\u00e9gales - Octopus Propret\u00e9","isPartOf":{"@id":"https:\/\/octopus-proprete.com\/#website"},"datePublished":"2026-01-13T14:09:38+00:00","dateModified":"2026-01-13T14:51:35+00:00","breadcrumb":{"@id":"https:\/\/octopus-proprete.com\/index.php\/mentions-legales\/#breadcrumb"},"inLanguage":"fr-FR","potentialAction":[{"@type":"ReadAction","target":["https:\/\/octopus-proprete.com\/index.php\/mentions-legales\/"]}]},{"@type":"BreadcrumbList","@id":"https:\/\/octopus-proprete.com\/index.php\/mentions-legales\/#breadcrumb","itemListElement":[{"@type":"ListItem","position":1,"name":"Accueil","item":"https:\/\/octopus-proprete.com\/"},{"@type":"ListItem","position":2,"name":"Mentions l\u00e9gales"}]},{"@type":"WebSite","@id":"https:\/\/octopus-proprete.com\/#website","url":"https:\/\/octopus-proprete.com\/","name":"Octopus Propret\u00e9","description":"","publisher":{"@id":"https:\/\/octopus-proprete.com\/#organization"},"potentialAction":[{"@type":"SearchAction","target":{"@type":"EntryPoint","urlTemplate":"https:\/\/octopus-proprete.com\/?s={search_term_string}"},"query-input":{"@type":"PropertyValueSpecification","valueRequired":true,"valueName":"search_term_string"}}],"inLanguage":"fr-FR"},{"@type":"Organization","@id":"https:\/\/octopus-proprete.com\/#organization","name":"Octopus Propret\u00e9","url":"https:\/\/octopus-proprete.com\/","logo":{"@type":"ImageObject","inLanguage":"fr-FR","@id":"https:\/\/octopus-proprete.com\/#\/schema\/logo\/image\/","url":"https:\/\/octopus-proprete.com\/wp-content\/uploads\/2025\/08\/1cbbf039-beb2-49f7-9fd0-833e4d1dbd3a.jpeg","contentUrl":"https:\/\/octopus-proprete.com\/wp-content\/uploads\/2025\/08\/1cbbf039-beb2-49f7-9fd0-833e4d1dbd3a.jpeg","width":1280,"height":380,"caption":"Octopus Propret\u00e9"},"image":{"@id":"https:\/\/octopus-proprete.com\/#\/schema\/logo\/image\/"}}]}},"_links":{"self":[{"href":"https:\/\/octopus-proprete.com\/index.php\/wp-json\/wp\/v2\/pages\/603","targetHints":{"allow":["GET"]}}],"collection":[{"href":"https:\/\/octopus-proprete.com\/index.php\/wp-json\/wp\/v2\/pages"}],"about":[{"href":"https:\/\/octopus-proprete.com\/index.php\/wp-json\/wp\/v2\/types\/page"}],"author":[{"embeddable":true,"href":"https:\/\/octopus-proprete.com\/index.php\/wp-json\/wp\/v2\/users\/1"}],"replies":[{"embeddable":true,"href":"https:\/\/octopus-proprete.com\/index.php\/wp-json\/wp\/v2\/comments?post=603"}],"version-history":[{"count":7,"href":"https:\/\/octopus-proprete.com\/index.php\/wp-json\/wp\/v2\/pages\/603\/revisions"}],"predecessor-version":[{"id":612,"href":"https:\/\/octopus-proprete.com\/index.php\/wp-json\/wp\/v2\/pages\/603\/revisions\/612"}],"wp:attachment":[{"href":"https:\/\/octopus-proprete.com\/index.php\/wp-json\/wp\/v2\/media?parent=603"}],"curies":[{"name":"wp","href":"https:\/\/api.w.org\/{rel}","templated":true}]}}